{"id":1973,"date":"2024-04-22T19:17:38","date_gmt":"2024-04-23T01:17:38","guid":{"rendered":"https:\/\/poramoramitierra.com\/?post_type=product&#038;p=1973"},"modified":"2025-02-08T17:03:28","modified_gmt":"2025-02-08T23:03:28","slug":"conjunto-gaby","status":"publish","type":"product","link":"https:\/\/poramoramitierra.com\/index.php\/product\/conjunto-gaby\/","title":{"rendered":"Conjunto Gaby"},"content":{"rendered":"<p>Top bordado a m\u00e1quina artesanal con tirantes y cierre en la parte de atr\u00e1s<\/p>\n<p>Falda en tela de sat\u00edn con abertura en la pierna<\/p>\n","protected":false},"excerpt":{"rendered":"<p>Top bordado a m\u00e1quina artesanal con tirantes y cierre en la parte de atr\u00e1s Falda en tela de sat\u00edn con abertura en la pierna<\/p>\n","protected":false},"featured_media":1912,"comment_status":"open","ping_status":"closed","template":"","meta":[],"product_cat":[21],"product_tag":[],"class_list":["post-1973","product","type-product","status-publish","has-post-thumbnail","hentry","product_cat-vestidos-de-gala"],"_links":{"self":[{"href":"https:\/\/poramoramitierra.com\/index.php\/wp-json\/wp\/v2\/product\/1973","targetHints":{"allow":["GET"]}}],"collection":[{"href":"https:\/\/poramoramitierra.com\/index.php\/wp-json\/wp\/v2\/product"}],"about":[{"href":"https:\/\/poramoramitierra.com\/index.php\/wp-json\/wp\/v2\/types\/product"}],"replies":[{"embeddable":true,"href":"https:\/\/poramoramitierra.com\/index.php\/wp-json\/wp\/v2\/comments?post=1973"}],"version-history":[{"count":1,"href":"https:\/\/poramoramitierra.com\/index.php\/wp-json\/wp\/v2\/product\/1973\/revisions"}],"predecessor-version":[{"id":1974,"href":"https:\/\/poramoramitierra.com\/index.php\/wp-json\/wp\/v2\/product\/1973\/revisions\/1974"}],"wp:featuredmedia":[{"embeddable":true,"href":"https:\/\/poramoramitierra.com\/index.php\/wp-json\/wp\/v2\/media\/1912"}],"wp:attachment":[{"href":"https:\/\/poramoramitierra.com\/index.php\/wp-json\/wp\/v2\/media?parent=1973"}],"wp:term":[{"taxonomy":"product_cat","embeddable":true,"href":"https:\/\/poramoramitierra.com\/index.php\/wp-json\/wp\/v2\/product_cat?post=1973"},{"taxonomy":"product_tag","embeddable":true,"href":"https:\/\/poramoramitierra.com\/index.php\/wp-json\/wp\/v2\/product_tag?post=1973"}],"curies":[{"name":"wp","href":"https:\/\/api.w.org\/{rel}","templated":true}]}}