{"id":2007,"date":"2024-04-24T18:27:36","date_gmt":"2024-04-25T00:27:36","guid":{"rendered":"https:\/\/poramoramitierra.com\/?post_type=product&#038;p=2007"},"modified":"2026-03-29T17:07:22","modified_gmt":"2026-03-29T23:07:22","slug":"vestido-julieta","status":"publish","type":"product","link":"https:\/\/poramoramitierra.com\/index.php\/product\/vestido-julieta\/","title":{"rendered":"Vestido Julieta"},"content":{"rendered":"<p>Vestido en tela de ray\u00f3n con bordado a m\u00e1quina artesanal en el talle y bordado en el pu\u00f1o<\/p>\n","protected":false},"excerpt":{"rendered":"<p>Vestido en tela de ray\u00f3n con bordado a m\u00e1quina artesanal en el talle y bordado en el pu\u00f1o<\/p>\n","protected":false},"featured_media":1936,"comment_status":"open","ping_status":"closed","template":"","meta":[],"product_cat":[21],"product_tag":[],"class_list":["post-2007","product","type-product","status-publish","has-post-thumbnail","hentry","product_cat-vestidos-de-gala"],"_links":{"self":[{"href":"https:\/\/poramoramitierra.com\/index.php\/wp-json\/wp\/v2\/product\/2007","targetHints":{"allow":["GET"]}}],"collection":[{"href":"https:\/\/poramoramitierra.com\/index.php\/wp-json\/wp\/v2\/product"}],"about":[{"href":"https:\/\/poramoramitierra.com\/index.php\/wp-json\/wp\/v2\/types\/product"}],"replies":[{"embeddable":true,"href":"https:\/\/poramoramitierra.com\/index.php\/wp-json\/wp\/v2\/comments?post=2007"}],"version-history":[{"count":1,"href":"https:\/\/poramoramitierra.com\/index.php\/wp-json\/wp\/v2\/product\/2007\/revisions"}],"predecessor-version":[{"id":2008,"href":"https:\/\/poramoramitierra.com\/index.php\/wp-json\/wp\/v2\/product\/2007\/revisions\/2008"}],"wp:featuredmedia":[{"embeddable":true,"href":"https:\/\/poramoramitierra.com\/index.php\/wp-json\/wp\/v2\/media\/1936"}],"wp:attachment":[{"href":"https:\/\/poramoramitierra.com\/index.php\/wp-json\/wp\/v2\/media?parent=2007"}],"wp:term":[{"taxonomy":"product_cat","embeddable":true,"href":"https:\/\/poramoramitierra.com\/index.php\/wp-json\/wp\/v2\/product_cat?post=2007"},{"taxonomy":"product_tag","embeddable":true,"href":"https:\/\/poramoramitierra.com\/index.php\/wp-json\/wp\/v2\/product_tag?post=2007"}],"curies":[{"name":"wp","href":"https:\/\/api.w.org\/{rel}","templated":true}]}}