{"id":2741,"date":"2025-07-07T18:45:14","date_gmt":"2025-07-08T00:45:14","guid":{"rendered":"https:\/\/poramoramitierra.com\/?post_type=product&#038;p=2741"},"modified":"2025-07-27T15:25:33","modified_gmt":"2025-07-27T21:25:33","slug":"blusa-bugambilia","status":"publish","type":"product","link":"https:\/\/poramoramitierra.com\/index.php\/product\/blusa-bugambilia\/","title":{"rendered":"Blusa Bugambilia"},"content":{"rendered":"<p>Blusa con mangas y ol\u00e1n en tela de gasa, con escote y pu\u00f1os en encaje. Bordado en manta a m\u00e1quina artesanal<\/p>\n","protected":false},"excerpt":{"rendered":"<p>Blusa con mangas y ol\u00e1n en tela de gasa, con escote y pu\u00f1os en encaje. Bordado en manta a m\u00e1quina artesanal<\/p>\n","protected":false},"featured_media":2639,"comment_status":"open","ping_status":"closed","template":"","meta":[],"product_cat":[19],"product_tag":[],"class_list":["post-2741","product","type-product","status-publish","has-post-thumbnail","hentry","product_cat-blusas"],"_links":{"self":[{"href":"https:\/\/poramoramitierra.com\/index.php\/wp-json\/wp\/v2\/product\/2741","targetHints":{"allow":["GET"]}}],"collection":[{"href":"https:\/\/poramoramitierra.com\/index.php\/wp-json\/wp\/v2\/product"}],"about":[{"href":"https:\/\/poramoramitierra.com\/index.php\/wp-json\/wp\/v2\/types\/product"}],"replies":[{"embeddable":true,"href":"https:\/\/poramoramitierra.com\/index.php\/wp-json\/wp\/v2\/comments?post=2741"}],"version-history":[{"count":1,"href":"https:\/\/poramoramitierra.com\/index.php\/wp-json\/wp\/v2\/product\/2741\/revisions"}],"predecessor-version":[{"id":2744,"href":"https:\/\/poramoramitierra.com\/index.php\/wp-json\/wp\/v2\/product\/2741\/revisions\/2744"}],"wp:featuredmedia":[{"embeddable":true,"href":"https:\/\/poramoramitierra.com\/index.php\/wp-json\/wp\/v2\/media\/2639"}],"wp:attachment":[{"href":"https:\/\/poramoramitierra.com\/index.php\/wp-json\/wp\/v2\/media?parent=2741"}],"wp:term":[{"taxonomy":"product_cat","embeddable":true,"href":"https:\/\/poramoramitierra.com\/index.php\/wp-json\/wp\/v2\/product_cat?post=2741"},{"taxonomy":"product_tag","embeddable":true,"href":"https:\/\/poramoramitierra.com\/index.php\/wp-json\/wp\/v2\/product_tag?post=2741"}],"curies":[{"name":"wp","href":"https:\/\/api.w.org\/{rel}","templated":true}]}}